{"id":768,"date":"2018-01-28T20:35:18","date_gmt":"2018-01-28T19:35:18","guid":{"rendered":"http:\/\/www.hotel-awo.pl\/o-hotelu\/"},"modified":"2021-09-18T18:45:43","modified_gmt":"2021-09-18T16:45:43","slug":"ueber-hotel","status":"publish","type":"page","link":"https:\/\/www.hotel-awo.pl\/de\/ueber-hotel\/","title":{"rendered":"\u00dcber Hotel"},"content":{"rendered":"<p>[et_pb_section fb_built=&#8220;1&#8243; next_background_color=&#8220;#fcf8f0&#8243; _builder_version=&#8220;3.22&#8243; background_image=&#8220;https:\/\/www.hotel-awo.pl\/wp-content\/uploads\/2018\/02\/3.jpg&#8220; parallax=&#8220;on&#8220; custom_padding=&#8220;225px|0px|0px|0px&#8220; bottom_divider_style=&#8220;wave2&#8243; global_colors_info=&#8220;{}&#8220;][et_pb_row _builder_version=&#8220;3.25&#8243; custom_padding=&#8220;0px|0px|116px|0px&#8220; global_colors_info=&#8220;{}&#8220;][et_pb_column type=&#8220;4_4&#8243; _builder_version=&#8220;3.25&#8243; custom_padding=&#8220;|||&#8220; global_colors_info=&#8220;{}&#8220; custom_padding__hover=&#8220;|||&#8220;][et_pb_text _builder_version=&#8220;3.27.4&#8243; text_font=&#8220;||||||||&#8220; header_font=&#8220;|700|||||||&#8220; header_text_align=&#8220;left&#8220; header_text_color=&#8220;#fcf8f0&#8243; header_font_size=&#8220;55px&#8220; custom_padding=&#8220;|||&#8220; header_text_shadow_style=&#8220;preset1&#8243; global_colors_info=&#8220;{}&#8220;]<\/p>\n<h1>\u00dcBER HOTEL<\/h1>\n<p>[\/et_pb_text][\/et_pb_column][\/et_pb_row][\/et_pb_section][et_pb_section fb_built=&#8220;1&#8243; next_background_color=&#8220;#ecddc3&#8243; _builder_version=&#8220;4.9.1&#8243; background_color=&#8220;#fcf8f0&#8243; bottom_divider_style=&#8220;wave2&#8243; border_radii=&#8220;on|25px|25px|25px|25px&#8220; global_colors_info=&#8220;{}&#8220;][et_pb_row column_structure=&#8220;2_3,1_3&#8243; _builder_version=&#8220;3.25&#8243; global_colors_info=&#8220;{}&#8220;][et_pb_column type=&#8220;2_3&#8243; _builder_version=&#8220;3.25&#8243; custom_padding=&#8220;|||&#8220; global_colors_info=&#8220;{}&#8220; custom_padding__hover=&#8220;|||&#8220;][et_pb_text _builder_version=&#8220;3.27.4&#8243; text_font=&#8220;|300|||||||&#8220; text_font_size=&#8220;18px&#8220; global_colors_info=&#8220;{}&#8220;]<\/p>\n<p>Das Hotel AWO erlaubt sich. Ihnen sein Hotel in Gniezno vorzustellen Wir gefunden werden in die Entfernungen ein paar Minuten von Bahnhof und den Busbahnhof<\/p>\n<p><strong>Attraktionen<\/strong><br \/>Das Hotel AWO legen ist ungew\u00f6hnlich. Unser stilechtes Mietshaus wieder auffinden sich auf in selbst die Stadtmitte des Gniezno &#8211; nahe der Markt, der Dom, das Museum Erzdi\u00f6zese und das Museum der Grundlagen des polnischen Staates, wodurch haben Sie die M\u00f6glichkeit des rapiden Umzuges \u00fcberall in der Stadt zu Fu\u00df ohne das Auto oder die \u00f6ffentliche Verkehrsmittel.<\/p>\n<p><strong>Hotel Gniezno<\/strong><br \/>Unser Hotel verf\u00fcgt \u00fcber 80 Schlafpl\u00e4tze in 1, 2, 3 und den 4 Personenzimmer. Die Zimmer 2-Personen sind ausgestattet sowohl in separat wie und die Doppelbetten. In jedem Zimmer wieder auffinden WC, das Bad, TV, das Telefon sich auf, der Haartrockner sowie der Anschluss zu dem Internetnetz. Unsere G\u00e4ste, w\u00e4hrend des Aufenthaltes haben die Benutzung aus dem Fax sowie Internet (der f\u00fcr die G\u00e4ste bestimmte Computer).<\/p>\n<p>An Ort und Stelle wieder auffinden das Restaurant sich in dem Hotel zu der Verf\u00fcgung des Staates mit verschiedenartigen Leckerbissen auf sowie der Pub (kneipe), aber der ebenfalls Caf\u00e9garten voll der Blumen drau\u00dfen.<\/p>\n<p>[\/et_pb_text][\/et_pb_column][et_pb_column type=&#8220;1_3&#8243; _builder_version=&#8220;3.25&#8243; custom_padding=&#8220;|||&#8220; global_colors_info=&#8220;{}&#8220; custom_padding__hover=&#8220;|||&#8220;][et_pb_image src=&#8220;https:\/\/www.hotel-awo.pl\/wp-content\/uploads\/2018\/02\/5.jpg&#8220; show_in_lightbox=&#8220;on&#8220; use_overlay=&#8220;on&#8220; hover_overlay_color=&#8220;rgba(117,105,85,0.42)&#8220; hover_icon=&#8220;%%52%%&#8220; align_tablet=&#8220;center&#8220; align_phone=&#8220;&#8220; align_last_edited=&#8220;on|desktop&#8220; _builder_version=&#8220;3.23&#8243; border_radii=&#8220;on|25px|25px|25px|25px&#8220; global_colors_info=&#8220;{}&#8220;][\/et_pb_image][\/et_pb_column][\/et_pb_row][et_pb_row column_structure=&#8220;1_3,1_3,1_3&#8243; _builder_version=&#8220;4.9.1&#8243; _module_preset=&#8220;default&#8220; global_colors_info=&#8220;{}&#8220;][et_pb_column type=&#8220;1_3&#8243; _builder_version=&#8220;4.9.1&#8243; _module_preset=&#8220;default&#8220; global_colors_info=&#8220;{}&#8220;][et_pb_image src=&#8220;https:\/\/www.hotel-awo.pl\/wp-content\/uploads\/2021\/03\/000_9589.jpg&#8220; title_text=&#8220;000_9589&#8243; show_in_lightbox=&#8220;on&#8220; _builder_version=&#8220;4.9.1&#8243; _module_preset=&#8220;default&#8220; border_radii=&#8220;on|25px|25px|25px|25px&#8220; global_colors_info=&#8220;{}&#8220;][\/et_pb_image][\/et_pb_column][et_pb_column type=&#8220;1_3&#8243; _builder_version=&#8220;4.9.1&#8243; _module_preset=&#8220;default&#8220; global_colors_info=&#8220;{}&#8220;][et_pb_image src=&#8220;https:\/\/www.hotel-awo.pl\/wp-content\/uploads\/2021\/03\/000_9524.jpg&#8220; title_text=&#8220;000_9524&#8243; show_in_lightbox=&#8220;on&#8220; _builder_version=&#8220;4.9.1&#8243; _module_preset=&#8220;default&#8220; border_radii=&#8220;on|25px|25px|25px|25px&#8220; global_colors_info=&#8220;{}&#8220;][\/et_pb_image][\/et_pb_column][et_pb_column type=&#8220;1_3&#8243; _builder_version=&#8220;4.9.1&#8243; _module_preset=&#8220;default&#8220; global_colors_info=&#8220;{}&#8220;][et_pb_image src=&#8220;https:\/\/www.hotel-awo.pl\/wp-content\/uploads\/2021\/03\/000_9592_1.jpg&#8220; title_text=&#8220;000_9592_1&#8243; show_in_lightbox=&#8220;on&#8220; _builder_version=&#8220;4.9.1&#8243; _module_preset=&#8220;default&#8220; border_radii=&#8220;on|25px|25px|25px|25px&#8220; global_colors_info=&#8220;{}&#8220;][\/et_pb_image][\/et_pb_column][\/et_pb_row][et_pb_row _builder_version=&#8220;4.4.8&#8243; global_colors_info=&#8220;{}&#8220;][et_pb_column type=&#8220;4_4&#8243; _builder_version=&#8220;4.4.8&#8243; global_colors_info=&#8220;{}&#8220;][et_pb_divider color=&#8220;#c5a67a&#8220; divider_weight=&#8220;5px&#8220; _builder_version=&#8220;4.4.8&#8243; width=&#8220;93%&#8220; module_alignment=&#8220;center&#8220; custom_margin=&#8220;||0px||false|false&#8220; global_colors_info=&#8220;{}&#8220;][\/et_pb_divider][\/et_pb_column][\/et_pb_row][et_pb_row column_structure=&#8220;2_3,1_3&#8243; _builder_version=&#8220;3.25&#8243; custom_padding=&#8220;27px|0px|78px|0px&#8220; global_colors_info=&#8220;{}&#8220;][et_pb_column type=&#8220;2_3&#8243; _builder_version=&#8220;3.25&#8243; custom_padding=&#8220;|||&#8220; global_colors_info=&#8220;{}&#8220; custom_padding__hover=&#8220;|||&#8220;][et_pb_image src=&#8220;https:\/\/www.hotel-awo.pl\/wp-content\/uploads\/2021\/09\/PetFriendlyHotel-300&#215;251.png&#8220; show_in_lightbox=&#8220;on&#8220; use_overlay=&#8220;on&#8220; overlay_icon_color=&#8220;#fcf8f0&#8243; hover_overlay_color=&#8220;rgba(117,105,85,0.49)&#8220; hover_icon=&#8220;%%51%%&#8220; align_tablet=&#8220;center&#8220; align_phone=&#8220;&#8220; align_last_edited=&#8220;on|desktop&#8220; _builder_version=&#8220;4.10.7&#8243; hover_enabled=&#8220;0&#8243; border_radii=&#8220;on|25px|25px|25px|25px&#8220; global_colors_info=&#8220;{}&#8220; title_text=&#8220;PetFriendlyHotel&#8220; sticky_enabled=&#8220;0&#8243;][\/et_pb_image][\/et_pb_column][et_pb_column type=&#8220;1_3&#8243; _builder_version=&#8220;3.25&#8243; custom_padding=&#8220;|||&#8220; global_colors_info=&#8220;{}&#8220; custom_padding__hover=&#8220;|||&#8220;][et_pb_text _builder_version=&#8220;3.27.4&#8243; text_font=&#8220;|300|||||||&#8220; text_font_size=&#8220;18px&#8220; global_colors_info=&#8220;{}&#8220;]<\/p>\n<h2><strong>TIERFREUNDLICH<br \/> <\/strong><\/h2>\n<h2><\/h2>\n<h2>Planst du die Reise mit deinem Liebling?<\/h2>\n<p style=\"text-align: justify;\">Wenn du die Tiere so wie wir liebst, unser Hotel das ist die herrliche Wahl f\u00fcr dich und deinen Liebling. Die vierbeinigen Freunde willkommen sein in einem Hotel AWO. Die Hunde, die Katzen und die ander- Vieh wie zu Hause f\u00fchlen sich bei uns.<\/p>\n<p>\u00a0<\/p>\n<p><strong>Zus\u00e4tzlich zur Begr\u00fc\u00dfung eine leckere Zwischenmahlzeit wegen des Viehes!<\/strong><\/p>\n<p>[\/et_pb_text][\/et_pb_column][\/et_pb_row][\/et_pb_section][et_pb_section fb_built=&#8220;1&#8243; _builder_version=&#8220;3.0.100&#8243; background_color=&#8220;#ecddc3&#8243; global_module=&#8220;744&#8243; saved_tabs=&#8220;all&#8220; global_colors_info=&#8220;{}&#8220;][et_pb_row _builder_version=&#8220;3.25&#8243; global_colors_info=&#8220;{}&#8220; column_structure=&#8220;1_2,1_2&#8243;][et_pb_column type=&#8220;1_2&#8243; _builder_version=&#8220;3.25&#8243; custom_padding=&#8220;|||&#8220; global_colors_info=&#8220;{}&#8220; custom_padding__hover=&#8220;|||&#8220;][et_pb_button button_url=&#8220;#booking&#8220; button_text=&#8220;JETZT BUCHEN&#8220; button_alignment=&#8220;center&#8220; _builder_version=&#8220;3.16&#8243; custom_button=&#8220;on&#8220; button_text_size=&#8220;30px&#8220; button_text_color=&#8220;#fcf8f0&#8243; button_bg_color=&#8220;#c5a67a&#8220; button_border_width=&#8220;1px&#8220; button_font=&#8220;|700|||||||&#8220; button_icon=&#8220;%%24%%&#8220; button_icon_color=&#8220;#fcf8f0&#8243; button_on_hover=&#8220;off&#8220; button_text_size_tablet=&#8220;&#8220; button_text_size_phone=&#8220;25px&#8220; button_text_size_last_edited=&#8220;on|desktop&#8220; global_colors_info=&#8220;{}&#8220; button_text_size__hover_enabled=&#8220;off&#8220; button_one_text_size__hover_enabled=&#8220;off&#8220; button_two_text_size__hover_enabled=&#8220;off&#8220; button_text_color__hover_enabled=&#8220;off&#8220; button_one_text_color__hover_enabled=&#8220;off&#8220; button_two_text_color__hover_enabled=&#8220;off&#8220; button_border_width__hover_enabled=&#8220;off&#8220; button_one_border_width__hover_enabled=&#8220;off&#8220; button_two_border_width__hover_enabled=&#8220;off&#8220; button_border_color__hover_enabled=&#8220;off&#8220; button_one_border_color__hover_enabled=&#8220;off&#8220; button_two_border_color__hover_enabled=&#8220;off&#8220; button_border_radius__hover_enabled=&#8220;off&#8220; button_one_border_radius__hover_enabled=&#8220;off&#8220; button_two_border_radius__hover_enabled=&#8220;off&#8220; button_letter_spacing__hover_enabled=&#8220;off&#8220; button_one_letter_spacing__hover_enabled=&#8220;off&#8220; button_two_letter_spacing__hover_enabled=&#8220;off&#8220; button_bg_color__hover_enabled=&#8220;off&#8220; button_one_bg_color__hover_enabled=&#8220;off&#8220; button_two_bg_color__hover_enabled=&#8220;off&#8220;][\/et_pb_button][\/et_pb_column][et_pb_column type=&#8220;1_2&#8243; _builder_version=&#8220;3.25&#8243; custom_padding=&#8220;|||&#8220; global_colors_info=&#8220;{}&#8220; custom_padding__hover=&#8220;|||&#8220;][et_pb_button button_url=&#8220;\/de\/kontakt\/&#8220; button_text=&#8220;Irgendwelche Fragen?&#8220; button_alignment=&#8220;center&#8220; _builder_version=&#8220;3.16&#8243; custom_button=&#8220;on&#8220; button_text_size=&#8220;30px&#8220; button_text_color=&#8220;#fcf8f0&#8243; button_bg_color=&#8220;#c5a67a&#8220; button_border_width=&#8220;1px&#8220; button_font=&#8220;|700|||||||&#8220; button_icon=&#8220;%%24%%&#8220; button_icon_color=&#8220;#fcf8f0&#8243; button_on_hover=&#8220;off&#8220; button_text_size_tablet=&#8220;&#8220; button_text_size_phone=&#8220;25px&#8220; button_text_size_last_edited=&#8220;on|phone&#8220; global_colors_info=&#8220;{}&#8220; button_text_size__hover_enabled=&#8220;off&#8220; button_one_text_size__hover_enabled=&#8220;off&#8220; button_two_text_size__hover_enabled=&#8220;off&#8220; button_text_color__hover_enabled=&#8220;off&#8220; button_one_text_color__hover_enabled=&#8220;off&#8220; button_two_text_color__hover_enabled=&#8220;off&#8220; button_border_width__hover_enabled=&#8220;off&#8220; button_one_border_width__hover_enabled=&#8220;off&#8220; button_two_border_width__hover_enabled=&#8220;off&#8220; button_border_color__hover_enabled=&#8220;off&#8220; button_one_border_color__hover_enabled=&#8220;off&#8220; button_two_border_color__hover_enabled=&#8220;off&#8220; button_border_radius__hover_enabled=&#8220;off&#8220; button_one_border_radius__hover_enabled=&#8220;off&#8220; button_two_border_radius__hover_enabled=&#8220;off&#8220; button_letter_spacing__hover_enabled=&#8220;off&#8220; button_one_letter_spacing__hover_enabled=&#8220;off&#8220; button_two_letter_spacing__hover_enabled=&#8220;off&#8220; button_bg_color__hover_enabled=&#8220;off&#8220; button_one_bg_color__hover_enabled=&#8220;off&#8220; button_two_bg_color__hover_enabled=&#8220;off&#8220;][\/et_pb_button][\/et_pb_column][\/et_pb_row][\/et_pb_section]<\/p>\n","protected":false},"excerpt":{"rendered":"<p>\u00dcBER HOTELDas Hotel AWO erlaubt sich. Ihnen sein Hotel in Gniezno vorzustellen Wir gefunden werden in die Entfernungen ein paar Minuten von Bahnhof und den Busbahnhof AttraktionenDas Hotel AWO legen ist ungew\u00f6hnlich. Unser stilechtes Mietshaus wieder auffinden sich auf in selbst die Stadtmitte des Gniezno &#8211; nahe der Markt, der Dom, das Museum Erzdi\u00f6zese und [&hellip;]<\/p>\n","protected":false},"author":1,"featured_media":0,"parent":0,"menu_order":0,"comment_status":"closed","ping_status":"closed","template":"","meta":{"_et_pb_use_builder":"on","_et_pb_old_content":"","_et_gb_content_width":"","footnotes":""},"class_list":["post-768","page","type-page","status-publish","hentry"],"_links":{"self":[{"href":"https:\/\/www.hotel-awo.pl\/de\/wp-json\/wp\/v2\/pages\/768","targetHints":{"allow":["GET"]}}],"collection":[{"href":"https:\/\/www.hotel-awo.pl\/de\/wp-json\/wp\/v2\/pages"}],"about":[{"href":"https:\/\/www.hotel-awo.pl\/de\/wp-json\/wp\/v2\/types\/page"}],"author":[{"embeddable":true,"href":"https:\/\/www.hotel-awo.pl\/de\/wp-json\/wp\/v2\/users\/1"}],"replies":[{"embeddable":true,"href":"https:\/\/www.hotel-awo.pl\/de\/wp-json\/wp\/v2\/comments?post=768"}],"version-history":[{"count":6,"href":"https:\/\/www.hotel-awo.pl\/de\/wp-json\/wp\/v2\/pages\/768\/revisions"}],"predecessor-version":[{"id":2599,"href":"https:\/\/www.hotel-awo.pl\/de\/wp-json\/wp\/v2\/pages\/768\/revisions\/2599"}],"wp:attachment":[{"href":"https:\/\/www.hotel-awo.pl\/de\/wp-json\/wp\/v2\/media?parent=768"}],"curies":[{"name":"wp","href":"https:\/\/api.w.org\/{rel}","templated":true}]}}