{"id":761,"date":"2018-01-28T20:35:39","date_gmt":"2018-01-28T19:35:39","guid":{"rendered":"http:\/\/www.hotel-awo.pl\/pokoje\/"},"modified":"2022-08-20T10:17:12","modified_gmt":"2022-08-20T08:17:12","slug":"zimmer-old","status":"publish","type":"page","link":"https:\/\/www.hotel-awo.pl\/de\/zimmer-old\/","title":{"rendered":"Zimmer"},"content":{"rendered":"<p>[et_pb_section fb_built=&#8220;1&#8243; next_background_color=&#8220;#fcf8f0&#8243; _builder_version=&#8220;4.16&#8243; background_image=&#8220;https:\/\/www.hotel-awo.pl\/wp-content\/uploads\/2021\/03\/000_9723_1.jpg&#8220; custom_padding=&#8220;225px|0px|0px|0px&#8220; bottom_divider_style=&#8220;wave2&#8243; global_colors_info=&#8220;{}&#8220;][et_pb_row _builder_version=&#8220;4.16&#8243; custom_padding=&#8220;0px|0px|90px|0px&#8220; global_colors_info=&#8220;{}&#8220;][et_pb_column type=&#8220;4_4&#8243; _builder_version=&#8220;4.16&#8243; custom_padding=&#8220;|||&#8220; global_colors_info=&#8220;{}&#8220; custom_padding__hover=&#8220;|||&#8220;][et_pb_text _builder_version=&#8220;4.16&#8243; text_font=&#8220;||||||||&#8220; header_font=&#8220;|700|||||||&#8220; header_text_align=&#8220;left&#8220; header_text_color=&#8220;#fcf8f0&#8243; header_font_size=&#8220;55px&#8220; custom_padding=&#8220;|||&#8220; header_text_shadow_style=&#8220;preset1&#8243; global_colors_info=&#8220;{}&#8220;]<\/p>\n<h1>ZIMMER<\/h1>\n<p>[\/et_pb_text][\/et_pb_column][\/et_pb_row][\/et_pb_section][et_pb_section fb_built=&#8220;1&#8243; next_background_color=&#8220;#ecddc3&#8243; _builder_version=&#8220;4.16&#8243; background_color=&#8220;#fcf8f0&#8243; bottom_divider_style=&#8220;wave2&#8243; global_colors_info=&#8220;{}&#8220;][et_pb_row column_structure=&#8220;2_3,1_3&#8243; _builder_version=&#8220;4.16&#8243; global_colors_info=&#8220;{}&#8220;][et_pb_column type=&#8220;2_3&#8243; _builder_version=&#8220;4.16&#8243; custom_padding=&#8220;|||&#8220; global_colors_info=&#8220;{}&#8220; custom_padding__hover=&#8220;|||&#8220;][et_pb_text _builder_version=&#8220;4.16&#8243; text_font=&#8220;|300|||||||&#8220; text_font_size=&#8220;18px&#8220; text_line_height=&#8220;1.8em&#8220; global_colors_info=&#8220;{}&#8220;]<\/p>\n<p style=\"text-align: justify;\">Wir stellen Ihnen insgesamt 80 \u00dcbernachtungspl\u00e4tze in Einzel-, Doppelzimmern, Zimmern f\u00fcr drei und f\u00fcr vier Personen zur Verf\u00fcgung. Jedes Zimmer hat:<\/p>\n<ul>\n<li>Toilette<\/li>\n<li>Badezimmer<\/li>\n<li>32&#8243; TV<\/li>\n<li>Telefon<\/li>\n<li>KOSTENLOSER Internet-Anschluss (Wi-Fi und LAN)<\/li>\n<li>Haartrockner<\/li>\n<li>kleine Flasche Wasser gratis<\/li>\n<li>Mini-K\u00fchlschr\u00e4nke<\/li>\n<\/ul>\n<p style=\"text-align: justify;\"><span>Die Doppelzimmer sind sowohl mit separaten als auch Doppelbetten ausgestattet.\u00a0<\/span><b>Die Einzelzimmer sind mit Betten in einer ungew\u00f6hnlichen Gr\u00f6\u00dfe von 140\u00d7200cm ausgestattet.<\/b><span>\u00a0W\u00e4hrend des Aufenthaltes haben unsere G\u00e4ste die M\u00f6glichkeit, das Faxger\u00e4t und das Internet (Computer f\u00fcr die Hotelg\u00e4ste) zu benutzen. Wir bieten Ihnen sehr komfortable \u00dcbernachtungen in Gnesen.<\/span><\/p>\n<p>[\/et_pb_text][\/et_pb_column][et_pb_column type=&#8220;1_3&#8243; _builder_version=&#8220;4.16&#8243; custom_padding=&#8220;|||&#8220; global_colors_info=&#8220;{}&#8220; custom_padding__hover=&#8220;|||&#8220;][et_pb_image src=&#8220;https:\/\/www.hotel-awo.pl\/wp-content\/uploads\/2021\/03\/000_9589.jpg&#8220; alt=&#8220;Pok\u00f3j 2-osobowy&#8220; title_text=&#8220;000_9589&#8243; show_in_lightbox=&#8220;on&#8220; align_tablet=&#8220;center&#8220; align_phone=&#8220;&#8220; align_last_edited=&#8220;on|desktop&#8220; _builder_version=&#8220;4.16&#8243; border_radii=&#8220;on|25px|25px|25px|25px&#8220; global_colors_info=&#8220;{}&#8220;][\/et_pb_image][et_pb_image src=&#8220;https:\/\/www.hotel-awo.pl\/wp-content\/uploads\/2021\/03\/000_9712.jpg&#8220; alt=&#8220;Darmowy internet&#8220; title_text=&#8220;000_9712&#8243; show_in_lightbox=&#8220;on&#8220; align_tablet=&#8220;center&#8220; align_phone=&#8220;&#8220; align_last_edited=&#8220;on|desktop&#8220; _builder_version=&#8220;4.16&#8243; custom_padding=&#8220;|||&#8220; border_radii=&#8220;on|25px|25px|25px|25px&#8220; global_colors_info=&#8220;{}&#8220;][\/et_pb_image][et_pb_image src=&#8220;https:\/\/www.hotel-awo.pl\/wp-content\/uploads\/2021\/03\/000_9562.jpg&#8220; alt=&#8220;Buteleczka wody Gratis&#8220; title_text=&#8220;000_9562&#8243; show_in_lightbox=&#8220;on&#8220; align_tablet=&#8220;center&#8220; align_phone=&#8220;&#8220; align_last_edited=&#8220;on|desktop&#8220; _builder_version=&#8220;4.16&#8243; border_radii=&#8220;on|25px|25px|25px|25px&#8220; global_colors_info=&#8220;{}&#8220;][\/et_pb_image][\/et_pb_column][\/et_pb_row][et_pb_row _builder_version=&#8220;3.0.100&#8243; custom_padding=&#8220;27px|0px|139px|0px&#8220; global_module=&#8220;764&#8243; saved_tabs=&#8220;all&#8220; global_colors_info=&#8220;{}&#8220;][et_pb_column type=&#8220;4_4&#8243; _builder_version=&#8220;4.16&#8243; custom_padding=&#8220;|||&#8220; global_colors_info=&#8220;{}&#8220; custom_padding__hover=&#8220;|||&#8220;][et_pb_text _builder_version=&#8220;4.16&#8243; text_font=&#8220;|300|||||||&#8220; text_font_size=&#8220;18px&#8220; header_font=&#8220;||||||||&#8220; header_2_font=&#8220;|700|||||||&#8220; header_2_font_size=&#8220;30px&#8220; global_colors_info=&#8220;{}&#8220;]<\/p>\n<h2 style=\"text-align: center;\">PRISELISTE<\/h2>\n<p style=\"text-align: center;\">Jeder Gast bekommt ein nahrhaftes Fr\u00fchst\u00fcck GRATIS!<\/p>\n<p>[\/et_pb_text][et_pb_text disabled_on=&#8220;on|off|off&#8220; _builder_version=&#8220;4.16&#8243; text_font=&#8220;|300|||||||&#8220; text_font_size=&#8220;18px&#8220; header_font=&#8220;||||||||&#8220; header_text_color=&#8220;#756955&#8243; header_3_font=&#8220;||||||||&#8220; header_3_text_color=&#8220;#fcf8f0&#8243; header_4_font=&#8220;||||||||&#8220; header_4_text_color=&#8220;#756955&#8243; global_colors_info=&#8220;{}&#8220;]<\/p>\n<p>&nbsp;<\/p>\n<table>\n<thead>\n<tr style=\"background-color: #ccbca1; text-align: center;\">\n<td>\n<h4><strong>Art des Zimmers<\/strong><\/h4>\n<\/td>\n<td>\n<h4><strong>Standardpreis<\/strong><\/h4>\n<\/td>\n<td>\n<h4>Aktionspreis<\/h4>\n<\/td>\n<\/tr>\n<\/thead>\n<tbody>\n<tr>\n<td><strong>Einzelzimmer <\/strong><br \/>(Betten in einer ungew\u00f6hnlichen Gr\u00f6\u00dfe von 140x200cm)<\/td>\n<td style=\"text-align: center;\">170 PLN<\/td>\n<td style=\"text-align: center;\">159 PLN<\/td>\n<\/tr>\n<tr>\n<td><strong>Doppelzimmer<\/strong><br \/>(separate oder Doppelbetten)<\/td>\n<td style=\"text-align: center;\">220 PLN<\/td>\n<td style=\"text-align: center;\">209 PLN<\/td>\n<\/tr>\n<tr>\n<td><strong>Zimmer f\u00fcr drei Personen<\/strong> <br \/>(<span>Anordnung der Betten<\/span> 3x Single lub 1x Twin + 1x Single)<\/td>\n<td style=\"text-align: center;\">280 PLN<\/td>\n<td style=\"text-align: center;\">269 PLN<\/td>\n<\/tr>\n<tr>\n<td><strong>Dopplete DELUXE<\/strong> <br \/>(<span>ein Doppelbett (180&#215;200) oder zwei Einzelbetten (90&#215;200))<\/span><\/td>\n<td style=\"text-align: center;\">\n<p>260 PLN (1 pers.)<\/p>\n<p>290 PLN (2 pers.)<\/p>\n<\/td>\n<td style=\"text-align: center;\">\n<p>249 PLN (1 pers.)<\/p>\n<p>279 PLN (2 pers.)<\/p>\n<\/td>\n<\/tr>\n<tr>\n<td><strong>Junior Suite<\/strong><\/td>\n<td style=\"text-align: center;\">\n<p>310 PLN (1 pers.)<\/p>\n<p>330 PLN (2 pers.)<\/p>\n<p>410 PLN (3 pers.)<\/p>\n<\/td>\n<td style=\"text-align: center;\">\n<p>299 PLN (1 pers.)<\/p>\n<p>319 PLN (2 pers.)<\/p>\n<p>399 PLN (3 pers.)<\/p>\n<\/td>\n<\/tr>\n<\/tbody>\n<\/table>\n<p>[\/et_pb_text][et_pb_text disabled_on=&#8220;off|on|on&#8220; _builder_version=&#8220;4.16&#8243; text_font=&#8220;|300|||||||&#8220; header_font=&#8220;||||||||&#8220; header_4_font=&#8220;||||||||&#8220; header_4_text_align=&#8220;left&#8220; global_colors_info=&#8220;{}&#8220;]<\/p>\n<table>\n<thead>\n<tr style=\"background-color: #eaddc4; text-align: center;\">\n<td>\n<h4><strong>Art des Zimmers<\/strong><\/h4>\n<\/td>\n<td>\n<h4><strong>Standardpreis<\/strong><\/h4>\n<\/td>\n<\/tr>\n<\/thead>\n<tbody>\n<tr>\n<td><strong>Einzelzimmer <\/strong><br \/>(Betten in einer ungew\u00f6hnlichen Gr\u00f6\u00dfe von 140x200cm)<\/td>\n<td>170 PLN<\/td>\n<\/tr>\n<tr>\n<td><strong>Doppelzimmer<\/strong><br \/>(separate oder Doppelbetten)<\/td>\n<td>220 PLN<\/td>\n<\/tr>\n<tr>\n<td><strong>Zimmer f\u00fcr drei Personen<\/strong> <br \/>(<span>Anordnung der Betten<\/span> 3x Single lub 1x Twin + 1x Single)<\/td>\n<td>280 PLN<\/td>\n<\/tr>\n<tr>\n<td><strong>Dopplete DELUXE<\/strong> <br \/>(<span>ein Doppelbett (180&#215;200) oder zwei Einzelbetten (90&#215;200))<\/span><\/td>\n<td>\n<p>260 PLN (1 pers.)<\/p>\n<p>290 PLN (2 pers.)<\/p>\n<\/td>\n<\/tr>\n<tr>\n<td><strong>Junior Suite<\/strong><\/td>\n<td>\n<p>310 PLN (1 pers.)<\/p>\n<p>330 PLN (2 pers.)<\/p>\n<p>410 PLN (3 pers.)<\/p>\n<\/td>\n<\/tr>\n<\/tbody>\n<\/table>\n<p>[\/et_pb_text][et_pb_text disabled_on=&#8220;off|on|on&#8220; _builder_version=&#8220;4.16&#8243; text_font=&#8220;|300|||||||&#8220; custom_padding=&#8220;1px|||||&#8220; global_colors_info=&#8220;{}&#8220;]<\/p>\n<table>\n<thead>\n<tr style=\"background-color: #eaddc4;\">\n<td>\n<h4>Art des Zimmers<\/h4>\n<\/td>\n<td>\n<h4>Aktionspreis<\/h4>\n<\/td>\n<\/tr>\n<\/thead>\n<tbody>\n<tr>\n<td><strong>Einzelzimmer<\/strong> <br \/>(Betten in einer ungew\u00f6hnlichen Gr\u00f6\u00dfe von 140x200cm)<\/td>\n<td>159 PLN<\/td>\n<\/tr>\n<tr>\n<td><strong>Doppelzimmer<\/strong><br \/>(separate oder Doppelbetten)<\/td>\n<td>209 PLN<\/td>\n<\/tr>\n<tr>\n<td><strong>Zimmer f\u00fcr drei Personen<\/strong> <br \/>(<span>Anordnung der Betten<\/span> 3x Single lub 1x Twin + 1x Single)<\/td>\n<td>269 PLN<\/td>\n<\/tr>\n<tr>\n<td><strong>Dopplete DELUXE<\/strong> <br \/>(<span>ein Doppelbett (180&#215;200) oder zwei Einzelbetten (90&#215;200) und ein bequemes Sofa)<\/span><\/td>\n<td>\n<p>249 PLN (1 pers.)<\/p>\n<p>279 PLN (2 pers.)<\/p>\n<\/td>\n<\/tr>\n<tr>\n<td><strong>Junior Suite<\/strong><\/td>\n<td>\n<p>299 PLN (1 pers.)<\/p>\n<p>319 PLN (2 pers.)<\/p>\n<p>399 PLN (3 pers.)<\/p>\n<\/td>\n<\/tr>\n<\/tbody>\n<\/table>\n<p>[\/et_pb_text][et_pb_text _builder_version=&#8220;4.16&#8243; text_font=&#8220;|300|||||||&#8220; text_font_size=&#8220;18px&#8220; header_font=&#8220;||||||||&#8220; header_2_font=&#8220;|700|||||||&#8220; header_2_font_size=&#8220;30px&#8220; global_colors_info=&#8220;{}&#8220;]<\/p>\n<p style=\"text-align: center;\">Die Mehrwertsteuer ist im Preis inbegriffen. Zu Messezeiten \u00e4ndern sich die Preise.<\/p>\n<p style=\"text-align: center;\">F\u00fcr die \u00dcbernachtung in unserem Hotel k\u00f6nnen Sie auch per Kreditkarte zahlen.<\/p>\n<p style=\"text-align: center;\"><img loading=\"lazy\" decoding=\"async\" class=\"wp-image-292 alignnone size-thumbnail\" src=\"..\/..\/wp-content\/uploads\/2018\/02\/visa-150x150.png\" alt=\"\" width=\"100\" height=\"100\" srcset=\"https:\/\/www.hotel-awo.pl\/wp-content\/uploads\/2018\/02\/visa-150x150.png 150w, https:\/\/www.hotel-awo.pl\/wp-content\/uploads\/2018\/02\/visa.png 161w\" sizes=\"(max-width: 100px) 100vw, 100px\" \/> <img loading=\"lazy\" decoding=\"async\" class=\"wp-image-283 alignnone size-thumbnail\" src=\"..\/..\/wp-content\/uploads\/2018\/02\/mastercard-150x150.png\" alt=\"\" width=\"100\" height=\"100\" srcset=\"https:\/\/www.hotel-awo.pl\/wp-content\/uploads\/2018\/02\/mastercard-150x150.png 150w, https:\/\/www.hotel-awo.pl\/wp-content\/uploads\/2018\/02\/mastercard.png 161w\" sizes=\"(max-width: 100px) 100vw, 100px\" \/> <img loading=\"lazy\" decoding=\"async\" class=\"wp-image-280 alignnone size-thumbnail\" src=\"..\/..\/wp-content\/uploads\/2018\/02\/maestro-150x150.png\" alt=\"\" width=\"100\" height=\"100\" srcset=\"https:\/\/www.hotel-awo.pl\/wp-content\/uploads\/2018\/02\/maestro-150x150.png 150w, https:\/\/www.hotel-awo.pl\/wp-content\/uploads\/2018\/02\/maestro.png 161w\" sizes=\"(max-width: 100px) 100vw, 100px\" \/> <img loading=\"lazy\" decoding=\"async\" class=\"wp-image-295 alignnone size-thumbnail\" src=\"..\/..\/wp-content\/uploads\/2018\/02\/visaelectron-150x150.png\" alt=\"\" width=\"100\" height=\"100\" srcset=\"https:\/\/www.hotel-awo.pl\/wp-content\/uploads\/2018\/02\/visaelectron-150x150.png 150w, https:\/\/www.hotel-awo.pl\/wp-content\/uploads\/2018\/02\/visaelectron.png 161w\" sizes=\"(max-width: 100px) 100vw, 100px\" \/> <img loading=\"lazy\" decoding=\"async\" class=\"wp-image-274 alignnone size-thumbnail\" src=\"..\/..\/wp-content\/uploads\/2018\/02\/americanexpress-150x150.png\" alt=\"\" width=\"100\" height=\"100\" srcset=\"https:\/\/www.hotel-awo.pl\/wp-content\/uploads\/2018\/02\/americanexpress-150x150.png 150w, https:\/\/www.hotel-awo.pl\/wp-content\/uploads\/2018\/02\/americanexpress.png 161w\" sizes=\"(max-width: 100px) 100vw, 100px\" \/><\/p>\n<p>[\/et_pb_text][et_pb_button button_url=&#8220;#booking&#8220; button_text=&#8220;JETZT BUCHEN&#8220; button_alignment=&#8220;center&#8220; _builder_version=&#8220;4.16&#8243; custom_button=&#8220;on&#8220; button_text_size=&#8220;30px&#8220; button_text_color=&#8220;#fcf8f0&#8243; button_bg_color=&#8220;#c5a67a&#8220; button_font=&#8220;|700|||||||&#8220; button_icon=&#8220;&#x39;||divi||400&#8243; button_icon_color=&#8220;#fcf8f0&#8243; button_on_hover=&#8220;off&#8220; custom_margin=&#8220;||50px|&#8220; custom_padding=&#8220;|||&#8220; global_colors_info=&#8220;{}&#8220; button_text_size__hover_enabled=&#8220;off&#8220; button_one_text_size__hover_enabled=&#8220;off&#8220; button_two_text_size__hover_enabled=&#8220;off&#8220; button_text_color__hover_enabled=&#8220;off&#8220; button_one_text_color__hover_enabled=&#8220;off&#8220; button_two_text_color__hover_enabled=&#8220;off&#8220; button_border_width__hover_enabled=&#8220;off&#8220; button_one_border_width__hover_enabled=&#8220;off&#8220; button_two_border_width__hover_enabled=&#8220;off&#8220; button_border_color__hover_enabled=&#8220;off&#8220; button_one_border_color__hover_enabled=&#8220;off&#8220; button_two_border_color__hover_enabled=&#8220;off&#8220; button_border_radius__hover_enabled=&#8220;off&#8220; button_one_border_radius__hover_enabled=&#8220;off&#8220; button_two_border_radius__hover_enabled=&#8220;off&#8220; button_letter_spacing__hover_enabled=&#8220;off&#8220; button_one_letter_spacing__hover_enabled=&#8220;off&#8220; button_two_letter_spacing__hover_enabled=&#8220;off&#8220; button_bg_color__hover_enabled=&#8220;off&#8220; button_one_bg_color__hover_enabled=&#8220;off&#8220; button_two_bg_color__hover_enabled=&#8220;off&#8220;][\/et_pb_button][et_pb_toggle title=&#8220;OPTIONAL (gegen eine zus\u00e4tzliche Geb\u00fchr)&#8220; open=&#8220;on&#8220; open_toggle_text_color=&#8220;#756955&#8243; closed_toggle_text_color=&#8220;#756955&#8243; icon_color=&#8220;#756955&#8243; open_icon_color=&#8220;#756955&#8243; _builder_version=&#8220;4.16&#8243; title_font=&#8220;|700|||||||&#8220; title_font_size=&#8220;18px&#8220; body_font=&#8220;|300|||||||&#8220; body_font_size=&#8220;18px&#8220; background_color=&#8220;#ecddc3&#8243; text_orientation=&#8220;left&#8220; global_colors_info=&#8220;{}&#8220;]<\/p>\n<ul>\n<li>Auff\u00fcllung der MINIBAR<\/li>\n<li>Sekt, Flasche Wein, Obstbecher<\/li>\n<li>Blumenstrau\u00df<\/li>\n<li>Dekoration des Zimmers<\/li>\n<\/ul>\n<p style=\"text-align: center;\">[\/et_pb_toggle][\/et_pb_column][\/et_pb_row][et_pb_row _builder_version=&#8220;4.16&#8243; custom_padding=&#8220;79px|0px|78px|0px&#8220; global_colors_info=&#8220;{}&#8220;][et_pb_column type=&#8220;4_4&#8243; _builder_version=&#8220;4.16&#8243; custom_padding=&#8220;|||&#8220; global_colors_info=&#8220;{}&#8220; custom_padding__hover=&#8220;|||&#8220;][et_pb_text _builder_version=&#8220;4.16&#8243; text_font=&#8220;|300||on|||||&#8220; header_font=&#8220;||||||||&#8220; header_2_font=&#8220;|700|||||||&#8220; header_2_font_size=&#8220;30px&#8220; global_colors_info=&#8220;{}&#8220;]<\/p>\n<h2 style=\"text-align: center;\">Wichtige Informationen<\/h2>\n<p style=\"text-align: center;\">[\/et_pb_text][et_pb_accordion open_toggle_text_color=&#8220;#756955&#8243; open_toggle_background_color=&#8220;#ecddc3&#8243; closed_toggle_text_color=&#8220;#756955&#8243; closed_toggle_background_color=&#8220;#ccbca1&#8243; icon_color=&#8220;#756955&#8243; _builder_version=&#8220;4.17.0&#8243; toggle_font=&#8220;|700|||||||&#8220; toggle_text_align=&#8220;left&#8220; body_font=&#8220;|300|||||||&#8220; text_orientation=&#8220;left&#8220; hover_enabled=&#8220;0&#8243; global_colors_info=&#8220;{}&#8220; sticky_enabled=&#8220;0&#8243;][et_pb_accordion_item title=&#8220;Fr\u00fchst\u00fccke&#8220; _builder_version=&#8220;4.16&#8243; global_colors_info=&#8220;{}&#8220; open=&#8220;on&#8220;]<\/p>\n<p>Sie werden im Restaurant von 5.00 Uhr bis 10.00 Uhr serviert. Auf Wunsch des Kunden ist das Fr\u00fchst\u00fcck zu jeder Tageszeit erh\u00e4ltlich.<\/p>\n<p style=\"text-align: center;\">[\/et_pb_accordion_item][et_pb_accordion_item title=&#8220;Restaurant&#8220; _builder_version=&#8220;4.16&#8243; global_colors_info=&#8220;{}&#8220; open=&#8220;off&#8220;]<\/p>\n<p>Das Restaurant ist von 13.00 Uhr bis 22.00 Uhr ge\u00f6ffnet.<\/p>\n<p>[\/et_pb_accordion_item][et_pb_accordion_item title=&#8220;Check-in und Check-out&#8220; _builder_version=&#8220;4.16&#8243; global_colors_info=&#8220;{}&#8220; open=&#8220;off&#8220;]<\/p>\n<p>Check-in ab 14.00 Uhr, Check-out bis 12.00 Uhr.<\/p>\n<p style=\"text-align: center;\">[\/et_pb_accordion_item][et_pb_accordion_item title=&#8220;B\u00fcgeleisen&#8220; _builder_version=&#8220;4.16&#8243; global_colors_info=&#8220;{}&#8220; open=&#8220;off&#8220;]<\/p>\n<p>Das B\u00fcgeleisen befindet sich im Flur.<\/p>\n<p style=\"text-align: center;\">[\/et_pb_accordion_item][et_pb_accordion_item title=&#8220;Internet&#8220; _builder_version=&#8220;4.16&#8243; global_colors_info=&#8220;{}&#8220; open=&#8220;off&#8220;]<\/p>\n<p>Kabelloses Internet (Wi-Fi) und Kabel-Internet (LAN); KOSTENLOSER INTERNETZUGANG im ganzen Hotel.<\/p>\n<p style=\"text-align: center;\">[\/et_pb_accordion_item][et_pb_accordion_item title=&#8220;Parkplatz,  Garage&#8220; open=&#8220;off&#8220; _builder_version=&#8220;4.16&#8243; global_colors_info=&#8220;{}&#8220;]<\/p>\n<p>Ein privater, bewachter Parkplatz und drei Garagen sind verf\u00fcgbar. Preis: PKW &#8211; 20 PLN, BUS &#8211; 25 PLN.<\/p>\n<p style=\"text-align: center;\">[\/et_pb_accordion_item][et_pb_accordion_item title=&#8220;Stornierung der Reservierung&#8220; _builder_version=&#8220;4.16&#8243; global_colors_info=&#8220;{}&#8220; open=&#8220;off&#8220;]<\/p>\n<p>Bei Stornierung der Reservierung bis 14.00 Uhr am Anreisetag berechnet das Hotel dem Gast keine Stornogeb\u00fchr. Bei Stornierung der Reservierung nach diesem Termin oder bei Nichterscheinen des Gastes im Hotel berechnet das Hotel dem Gast eine Geb\u00fchr f\u00fcr die erste Nacht.<\/p>\n<p style=\"text-align: center;\">[\/et_pb_accordion_item][et_pb_accordion_item title=&#8220;Kinder und zus\u00e4tzliche Betten&#8220; _builder_version=&#8220;4.17.0&#8243; hover_enabled=&#8220;0&#8243; global_colors_info=&#8220;{}&#8220; open=&#8220;off&#8220; sticky_enabled=&#8220;0&#8243;]<\/p>\n<ul>\n<li>F\u00fcr alle Kinder bis zum 3. Lebensjahr ist der Aufenthalt kostenlos, wenn sie auf den in den Zimmern vorhandenen Betten schlafen.<\/li>\n<li>F\u00fcr alle Kinder bis zum 2. Lebensjahr ist der Aufenthalt kostenlos (in Babybetten).<\/li>\n<li>100 PLN pro Person und Nacht, auf zus\u00e4tzlichen Betten.<\/li>\n<li>Maximale Anzahl der zus\u00e4tzlichen Betten\/Babybetten im Zimmer \u2013 1.<\/li>\n<li>Die zus\u00e4tzlichen Bretten und Babybetten sind auf Wunsch des Gastes verf\u00fcgbar, ihre Verf\u00fcgbarkeit muss durch das Hotel best\u00e4tigt werden.<\/li>\n<li>Die zus\u00e4tzlichen Geb\u00fchren werden den Gesamtkosten des Aufenthalts nicht automatisch hinzugerechnet und sie m\u00fcssen im Hotel separat gezahlt werden.<\/li>\n<\/ul>\n<p style=\"text-align: center;\">[\/et_pb_accordion_item][et_pb_accordion_item title=&#8220;Tiere&#8220; _builder_version=&#8220;4.16&#8243; global_colors_info=&#8220;{}&#8220; open=&#8220;off&#8220;]<\/p>\n<p>Tiere sind erlaubt. Es k\u00f6nnen zus\u00e4tzliche Geb\u00fchren in H\u00f6he von bis zu 10 EURO. berechnet werden. <strong>F\u00fcr jedes Tier eine leckere \u00dcberraschung GRATIS.<\/strong><\/p>\n<p style=\"text-align: center;\">[\/et_pb_accordion_item][\/et_pb_accordion][\/et_pb_column][\/et_pb_row][\/et_pb_section][et_pb_section fb_built=&#8220;1&#8243; _builder_version=&#8220;3.0.100&#8243; background_color=&#8220;#ecddc3&#8243; global_module=&#8220;744&#8243; saved_tabs=&#8220;all&#8220; global_colors_info=&#8220;{}&#8220;][et_pb_row _builder_version=&#8220;4.16&#8243; global_colors_info=&#8220;{}&#8220; column_structure=&#8220;1_2,1_2&#8243;][et_pb_column type=&#8220;1_2&#8243; _builder_version=&#8220;4.16&#8243; custom_padding=&#8220;|||&#8220; global_colors_info=&#8220;{}&#8220; custom_padding__hover=&#8220;|||&#8220;][et_pb_button button_url=&#8220;#booking&#8220; button_text=&#8220;JETZT BUCHEN&#8220; button_alignment=&#8220;center&#8220; _builder_version=&#8220;4.16&#8243; custom_button=&#8220;on&#8220; button_text_size=&#8220;30px&#8220; button_text_color=&#8220;#fcf8f0&#8243; button_bg_color=&#8220;#c5a67a&#8220; button_border_width=&#8220;1px&#8220; button_font=&#8220;|700|||||||&#8220; button_icon=&#8220;&#x39;||divi||400&#8243; button_icon_color=&#8220;#fcf8f0&#8243; button_on_hover=&#8220;off&#8220; button_text_size_tablet=&#8220;&#8220; button_text_size_phone=&#8220;25px&#8220; button_text_size_last_edited=&#8220;on|desktop&#8220; global_colors_info=&#8220;{}&#8220; button_text_size__hover_enabled=&#8220;off&#8220; button_one_text_size__hover_enabled=&#8220;off&#8220; button_two_text_size__hover_enabled=&#8220;off&#8220; button_text_color__hover_enabled=&#8220;off&#8220; button_one_text_color__hover_enabled=&#8220;off&#8220; button_two_text_color__hover_enabled=&#8220;off&#8220; button_border_width__hover_enabled=&#8220;off&#8220; button_one_border_width__hover_enabled=&#8220;off&#8220; button_two_border_width__hover_enabled=&#8220;off&#8220; button_border_color__hover_enabled=&#8220;off&#8220; button_one_border_color__hover_enabled=&#8220;off&#8220; button_two_border_color__hover_enabled=&#8220;off&#8220; button_border_radius__hover_enabled=&#8220;off&#8220; button_one_border_radius__hover_enabled=&#8220;off&#8220; button_two_border_radius__hover_enabled=&#8220;off&#8220; button_letter_spacing__hover_enabled=&#8220;off&#8220; button_one_letter_spacing__hover_enabled=&#8220;off&#8220; button_two_letter_spacing__hover_enabled=&#8220;off&#8220; button_bg_color__hover_enabled=&#8220;off&#8220; button_one_bg_color__hover_enabled=&#8220;off&#8220; button_two_bg_color__hover_enabled=&#8220;off&#8220;][\/et_pb_button][\/et_pb_column][et_pb_column type=&#8220;1_2&#8243; _builder_version=&#8220;4.16&#8243; custom_padding=&#8220;|||&#8220; global_colors_info=&#8220;{}&#8220; custom_padding__hover=&#8220;|||&#8220;][et_pb_button button_url=&#8220;\/de\/kontakt\/&#8220; button_text=&#8220;Irgendwelche Fragen?&#8220; button_alignment=&#8220;center&#8220; _builder_version=&#8220;4.16&#8243; custom_button=&#8220;on&#8220; button_text_size=&#8220;30px&#8220; button_text_color=&#8220;#fcf8f0&#8243; button_bg_color=&#8220;#c5a67a&#8220; button_border_width=&#8220;1px&#8220; button_font=&#8220;|700|||||||&#8220; button_icon=&#8220;&#x39;||divi||400&#8243; button_icon_color=&#8220;#fcf8f0&#8243; button_on_hover=&#8220;off&#8220; button_text_size_tablet=&#8220;&#8220; button_text_size_phone=&#8220;25px&#8220; button_text_size_last_edited=&#8220;on|phone&#8220; global_colors_info=&#8220;{}&#8220; button_text_size__hover_enabled=&#8220;off&#8220; button_one_text_size__hover_enabled=&#8220;off&#8220; button_two_text_size__hover_enabled=&#8220;off&#8220; button_text_color__hover_enabled=&#8220;off&#8220; button_one_text_color__hover_enabled=&#8220;off&#8220; button_two_text_color__hover_enabled=&#8220;off&#8220; button_border_width__hover_enabled=&#8220;off&#8220; button_one_border_width__hover_enabled=&#8220;off&#8220; button_two_border_width__hover_enabled=&#8220;off&#8220; button_border_color__hover_enabled=&#8220;off&#8220; button_one_border_color__hover_enabled=&#8220;off&#8220; button_two_border_color__hover_enabled=&#8220;off&#8220; button_border_radius__hover_enabled=&#8220;off&#8220; button_one_border_radius__hover_enabled=&#8220;off&#8220; button_two_border_radius__hover_enabled=&#8220;off&#8220; button_letter_spacing__hover_enabled=&#8220;off&#8220; button_one_letter_spacing__hover_enabled=&#8220;off&#8220; button_two_letter_spacing__hover_enabled=&#8220;off&#8220; button_bg_color__hover_enabled=&#8220;off&#8220; button_one_bg_color__hover_enabled=&#8220;off&#8220; button_two_bg_color__hover_enabled=&#8220;off&#8220;][\/et_pb_button][\/et_pb_column][\/et_pb_row][\/et_pb_section]<\/p>\n","protected":false},"excerpt":{"rendered":"<p>ZIMMERWir stellen Ihnen insgesamt 80 \u00dcbernachtungspl\u00e4tze in Einzel-, Doppelzimmern, Zimmern f\u00fcr drei und f\u00fcr vier Personen zur Verf\u00fcgung. Jedes Zimmer hat: Toilette Badezimmer 32&#8243; TV Telefon KOSTENLOSER Internet-Anschluss (Wi-Fi und LAN) Haartrockner kleine Flasche Wasser gratis Mini-K\u00fchlschr\u00e4nke Die Doppelzimmer sind sowohl mit separaten als auch Doppelbetten ausgestattet.\u00a0Die Einzelzimmer sind mit Betten in einer ungew\u00f6hnlichen Gr\u00f6\u00dfe [&hellip;]<\/p>\n","protected":false},"author":1,"featured_media":0,"parent":0,"menu_order":0,"comment_status":"closed","ping_status":"closed","template":"","meta":{"_et_pb_use_builder":"on","_et_pb_old_content":"","_et_gb_content_width":"","footnotes":""},"class_list":["post-761","page","type-page","status-publish","hentry"],"_links":{"self":[{"href":"https:\/\/www.hotel-awo.pl\/de\/wp-json\/wp\/v2\/pages\/761","targetHints":{"allow":["GET"]}}],"collection":[{"href":"https:\/\/www.hotel-awo.pl\/de\/wp-json\/wp\/v2\/pages"}],"about":[{"href":"https:\/\/www.hotel-awo.pl\/de\/wp-json\/wp\/v2\/types\/page"}],"author":[{"embeddable":true,"href":"https:\/\/www.hotel-awo.pl\/de\/wp-json\/wp\/v2\/users\/1"}],"replies":[{"embeddable":true,"href":"https:\/\/www.hotel-awo.pl\/de\/wp-json\/wp\/v2\/comments?post=761"}],"version-history":[{"count":7,"href":"https:\/\/www.hotel-awo.pl\/de\/wp-json\/wp\/v2\/pages\/761\/revisions"}],"predecessor-version":[{"id":2679,"href":"https:\/\/www.hotel-awo.pl\/de\/wp-json\/wp\/v2\/pages\/761\/revisions\/2679"}],"wp:attachment":[{"href":"https:\/\/www.hotel-awo.pl\/de\/wp-json\/wp\/v2\/media?parent=761"}],"curies":[{"name":"wp","href":"https:\/\/api.w.org\/{rel}","templated":true}]}}