{"id":4073,"date":"2025-12-23T12:12:30","date_gmt":"2025-12-23T11:12:30","guid":{"rendered":"https:\/\/www.hotel-awo.pl\/mitteilung-ueber-eine-verletzung-des-schutzes-personenbezogener-daten\/"},"modified":"2025-12-23T18:28:53","modified_gmt":"2025-12-23T17:28:53","slug":"mitteilung-ueber-eine-verletzung-des-schutzes-personenbezogener-daten","status":"publish","type":"page","link":"https:\/\/www.hotel-awo.pl\/de\/mitteilung-ueber-eine-verletzung-des-schutzes-personenbezogener-daten\/","title":{"rendered":"MITTEILUNG \u00dcBER EINE VERLETZUNG DES SCHUTZES PERSONENBEZOGENER DATEN"},"content":{"rendered":"<p>[et_pb_section fb_built=&#8220;1&#8243; next_background_color=&#8220;#fcf8f0&#8243; _builder_version=&#8220;4.27.5&#8243; background_image=&#8220;https:\/\/www.hotel-awo.pl\/wp-content\/uploads\/2024\/06\/hotel-awo-front.jpg&#8220; custom_padding=&#8220;150px|0px|0px|0px|false|false&#8220; bottom_divider_style=&#8220;wave2&#8243; global_colors_info=&#8220;{}&#8220;][et_pb_row _builder_version=&#8220;4.16&#8243; custom_padding=&#8220;0px|0px|90px|0px&#8220; global_colors_info=&#8220;{}&#8220;][et_pb_column type=&#8220;4_4&#8243; _builder_version=&#8220;4.16&#8243; custom_padding=&#8220;|||&#8220; global_colors_info=&#8220;{}&#8220; custom_padding__hover=&#8220;|||&#8220;][et_pb_text _builder_version=&#8220;4.27.5&#8243; text_font=&#8220;||||||||&#8220; header_font=&#8220;|700|||||||&#8220; header_text_align=&#8220;left&#8220; header_text_color=&#8220;#fcf8f0&#8243; header_font_size=&#8220;55px&#8220; custom_padding=&#8220;|||&#8220; header_text_shadow_style=&#8220;preset1&#8243; global_colors_info=&#8220;{}&#8220;]<\/p>\n<h1>MITTEILUNG \u00dcBER EINE VERLETZUNG DES SCHUTZES PERSONENBEZOGENER DATEN<\/h1>\n<p>[\/et_pb_text][\/et_pb_column][\/et_pb_row][\/et_pb_section][et_pb_section fb_built=&#8220;1&#8243; next_background_color=&#8220;#ecddc3&#8243; _builder_version=&#8220;4.16&#8243; background_color=&#8220;#fcf8f0&#8243; bottom_divider_style=&#8220;wave2&#8243; global_colors_info=&#8220;{}&#8220;][et_pb_row _builder_version=&#8220;4.16&#8243; global_colors_info=&#8220;{}&#8220;][et_pb_column type=&#8220;4_4&#8243; _builder_version=&#8220;4.16&#8243; custom_padding=&#8220;|||&#8220; global_colors_info=&#8220;{}&#8220; custom_padding__hover=&#8220;|||&#8220;][et_pb_text _builder_version=&#8220;4.27.5&#8243; text_font=&#8220;|300|||||||&#8220; text_font_size=&#8220;18px&#8220; text_line_height=&#8220;2em&#8220; hover_enabled=&#8220;0&#8243; global_colors_info=&#8220;{}&#8220; sticky_enabled=&#8220;0&#8243;]<strong>MITTEILUNG \u00dcBER EINE VERLETZUNG DES SCHUTZES PERSONENBEZOGENER DATEN<\/strong><\/p>\n<p style=\"text-align: center;\"><strong>Diese Information betrifft G\u00e4ste des Hotels AWO, deren personenbezogene Daten im Zusammenhang mit einem Aufenthalt oder einer Buchung ab dem 1. September 2025 verarbeitet wurden, einschlie\u00dflich Buchungen, die nach diesem Datum vorgenommen wurden.<\/strong><\/p>\n<p><\/p>\n<p>Sehr geehrte Damen und Herren,<\/p>\n<p>\nWir informieren Sie hiermit dar\u00fcber, dass es am <strong>16. Dezember 2025<\/strong> zu einem Sicherheitsvorfall auf Seiten eines externen Anbieters des Reservierungssystems gekommen ist, das von <strong>HOTEL AWO<\/strong> genutzt wird.\n<\/p>\n<p>\nNach Angaben des Systemanbieters haben unbefugte Personen Zugriff auf die Serverinfrastruktur erlangt, was zu einem m\u00f6glichen Zugriff auf einen Teil der personenbezogenen Daten von Hotelg\u00e4sten gef\u00fchrt haben k\u00f6nnte. Derzeit ist es nicht m\u00f6glich, eindeutig festzustellen, welche konkreten Daten betroffen waren. Aus Gr\u00fcnden der Sicherheit informieren wir Sie jedoch \u00fcber diesen Vorfall.\n<\/p>\n<p><strong>Welche Daten betroffen sein k\u00f6nnten<\/strong><\/p>\n<p>\nDer Umfang der von unserem Hotel im System verarbeiteten Daten umfasste ausschlie\u00dflich:\n<\/p>\n<ul>\n<li>Vor- und Nachname,<\/li>\n<li>Telefonnummer (sofern angegeben),<\/li>\n<li>E-Mail-Adresse (sofern angegeben),<\/li>\n<li>Rechnungsdaten (sofern angegeben),<\/li>\n<li>Reservierungsinformationen (Aufenthaltsdaten).<\/li>\n<\/ul>\n<p>\nDas Hotel verarbeitete keine Zahlungskartendaten und keine nationalen Identifikationsnummern.\n<\/p>\n<p><strong>M\u00f6gliche Konsequenzen<\/strong><\/p>\n<p>\nAufgrund der Art der Daten besteht das Risiko von Versuchen:\n<\/p>\n<ul>\n<li>telefonischer oder elektronischer Kontaktaufnahme,<\/li>\n<li>sich als Hotel oder als dessen Mitarbeiter auszugeben,<\/li>\n<li>Versuche, Zahlungen oder zus\u00e4tzliche Informationen unter Bezugnahme auf eine Reservierung zu erlangen.<\/li>\n<\/ul>\n<p><strong>Unsere Empfehlungen<\/strong><\/p>\n<p>\nWir bitten Sie um besondere Vorsicht:\n<\/p>\n<ul>\n<li>antworten Sie nicht auf verd\u00e4chtige Nachrichten oder Anrufe,<\/li>\n<li>klicken Sie nicht auf Links und geben Sie keine Zahlungsdaten weiter,<\/li>\n<li>\u00fcberpr\u00fcfen Sie jede verd\u00e4chtige Nachricht, die angeblich vom Hotel stammt, direkt bei uns.<\/li>\n<\/ul>\n<p><strong>Von uns ergriffene Ma\u00dfnahmen<\/strong><\/p>\n<p>\nUnmittelbar nach Erhalt der Information \u00fcber den Vorfall haben wir:\n<\/p>\n<ul>\n<li>die Zusammenarbeit mit dem Systemanbieter aufgenommen, um den Vorfall aufzukl\u00e4ren,<\/li>\n<li>unsere IT-Umgebung gesichert,<\/li>\n<li>die Verletzung des Schutzes personenbezogener Daten der Datenschutzaufsichtsbeh\u00f6rde gemeldet,<\/li>\n<li>die Situation fortlaufend \u00fcberwacht.<\/li>\n<\/ul>\n<p><strong>Kontakt<\/strong><\/p>\n<p>\nBei Fragen oder Unklarheiten kontaktieren Sie uns bitte:<br \/>\nE-Mail: <a href=\"mailto:recepcja@hotel-awo.pl\">recepcja@hotel-awo.pl<\/a><br \/>\nTelefon: +48 693 553 151\n<\/p>\n<p>\nMit freundlichen Gr\u00fc\u00dfen<br \/>\n<strong>HOTEL AWO<\/strong>\n<\/p>\n<p>[\/et_pb_text][\/et_pb_column][\/et_pb_row][et_pb_row _builder_version=&#8220;4.16&#8243; global_colors_info=&#8220;{}&#8220;][et_pb_column type=&#8220;4_4&#8243; _builder_version=&#8220;4.16&#8243; global_colors_info=&#8220;{}&#8220;][et_pb_divider color=&#8220;#c5a67a&#8220; divider_weight=&#8220;5px&#8220; _builder_version=&#8220;4.16&#8243; width=&#8220;93%&#8220; module_alignment=&#8220;center&#8220; custom_margin=&#8220;||0px||false|false&#8220; global_colors_info=&#8220;{}&#8220; theme_builder_area=&#8220;post_content&#8220;][\/et_pb_divider][\/et_pb_column][\/et_pb_row][\/et_pb_section][et_pb_section fb_built=&#8220;1&#8243; _builder_version=&#8220;3.0.101&#8243; background_color=&#8220;#ecddc3&#8243; custom_padding=&#8220;27px|0px|34px|0px&#8220; global_module=&#8220;426&#8243; saved_tabs=&#8220;all&#8220; global_colors_info=&#8220;{}&#8220;][et_pb_row column_structure=&#8220;1_2,1_2&#8243; _builder_version=&#8220;4.16&#8243; global_colors_info=&#8220;{}&#8220;][et_pb_column type=&#8220;1_2&#8243; _builder_version=&#8220;4.16&#8243; custom_padding=&#8220;|||&#8220; global_colors_info=&#8220;{}&#8220; custom_padding__hover=&#8220;|||&#8220;][et_pb_button button_url=&#8220;#booking&#8220; button_text=&#8220;JETZT BUCHEN&#8220; button_alignment=&#8220;center&#8220; _builder_version=&#8220;4.16&#8243; custom_button=&#8220;on&#8220; button_text_size=&#8220;30px&#8220; button_text_color=&#8220;#fcf8f0&#8243; button_bg_color=&#8220;#c5a67a&#8220; button_border_width=&#8220;1px&#8220; button_font=&#8220;|700|||||||&#8220; button_icon=&#8220;&#x39;||divi||400&#8243; button_icon_color=&#8220;#fcf8f0&#8243; button_on_hover=&#8220;off&#8220; button_text_size_tablet=&#8220;&#8220; button_text_size_phone=&#8220;25px&#8220; button_text_size_last_edited=&#8220;on|desktop&#8220; global_colors_info=&#8220;{}&#8220; button_text_size__hover_enabled=&#8220;off&#8220; button_one_text_size__hover_enabled=&#8220;off&#8220; button_two_text_size__hover_enabled=&#8220;off&#8220; button_text_color__hover_enabled=&#8220;off&#8220; button_one_text_color__hover_enabled=&#8220;off&#8220; button_two_text_color__hover_enabled=&#8220;off&#8220; button_border_width__hover_enabled=&#8220;off&#8220; button_one_border_width__hover_enabled=&#8220;off&#8220; button_two_border_width__hover_enabled=&#8220;off&#8220; button_border_color__hover_enabled=&#8220;off&#8220; button_one_border_color__hover_enabled=&#8220;off&#8220; button_two_border_color__hover_enabled=&#8220;off&#8220; button_border_radius__hover_enabled=&#8220;off&#8220; button_one_border_radius__hover_enabled=&#8220;off&#8220; button_two_border_radius__hover_enabled=&#8220;off&#8220; button_letter_spacing__hover_enabled=&#8220;off&#8220; button_one_letter_spacing__hover_enabled=&#8220;off&#8220; button_two_letter_spacing__hover_enabled=&#8220;off&#8220; button_bg_color__hover_enabled=&#8220;off&#8220; button_one_bg_color__hover_enabled=&#8220;off&#8220; button_two_bg_color__hover_enabled=&#8220;off&#8220;][\/et_pb_button][\/et_pb_column][et_pb_column type=&#8220;1_2&#8243; _builder_version=&#8220;4.16&#8243; custom_padding=&#8220;|||&#8220; global_colors_info=&#8220;{}&#8220; custom_padding__hover=&#8220;|||&#8220;][et_pb_button button_url=&#8220;https:\/\/www.hotel-awo.pl\/de\/kontakt\/&#8220; button_text=&#8220;Irgendwelche Fragen?&#8220; button_alignment=&#8220;center&#8220; _builder_version=&#8220;4.16&#8243; custom_button=&#8220;on&#8220; button_text_size=&#8220;30px&#8220; button_text_color=&#8220;#fcf8f0&#8243; button_bg_color=&#8220;#c5a67a&#8220; button_border_width=&#8220;1px&#8220; button_font=&#8220;|700|||||||&#8220; button_icon=&#8220;&#x39;||divi||400&#8243; button_icon_color=&#8220;#fcf8f0&#8243; button_on_hover=&#8220;off&#8220; button_text_size_tablet=&#8220;&#8220; button_text_size_phone=&#8220;25px&#8220; button_text_size_last_edited=&#8220;on|phone&#8220; global_colors_info=&#8220;{}&#8220; button_text_size__hover_enabled=&#8220;off&#8220; button_one_text_size__hover_enabled=&#8220;off&#8220; button_two_text_size__hover_enabled=&#8220;off&#8220; button_text_color__hover_enabled=&#8220;off&#8220; button_one_text_color__hover_enabled=&#8220;off&#8220; button_two_text_color__hover_enabled=&#8220;off&#8220; button_border_width__hover_enabled=&#8220;off&#8220; button_one_border_width__hover_enabled=&#8220;off&#8220; button_two_border_width__hover_enabled=&#8220;off&#8220; button_border_color__hover_enabled=&#8220;off&#8220; button_one_border_color__hover_enabled=&#8220;off&#8220; button_two_border_color__hover_enabled=&#8220;off&#8220; button_border_radius__hover_enabled=&#8220;off&#8220; button_one_border_radius__hover_enabled=&#8220;off&#8220; button_two_border_radius__hover_enabled=&#8220;off&#8220; button_letter_spacing__hover_enabled=&#8220;off&#8220; button_one_letter_spacing__hover_enabled=&#8220;off&#8220; button_two_letter_spacing__hover_enabled=&#8220;off&#8220; button_bg_color__hover_enabled=&#8220;off&#8220; button_one_bg_color__hover_enabled=&#8220;off&#8220; button_two_bg_color__hover_enabled=&#8220;off&#8220;][\/et_pb_button][\/et_pb_column][\/et_pb_row][\/et_pb_section]<\/p>\n","protected":false},"excerpt":{"rendered":"<p>MITTEILUNG \u00dcBER EINE VERLETZUNG DES SCHUTZES PERSONENBEZOGENER DATENMITTEILUNG \u00dcBER EINE VERLETZUNG DES SCHUTZES PERSONENBEZOGENER DATENDiese Information betrifft G\u00e4ste des Hotels AWO, deren personenbezogene Daten im Zusammenhang mit einem Aufenthalt oder einer Buchung ab dem 1. September 2025 verarbeitet wurden, einschlie\u00dflich Buchungen, die nach diesem Datum vorgenommen wurden.Sehr geehrte Damen und Herren, Wir informieren Sie hiermit [&hellip;]<\/p>\n","protected":false},"author":1,"featured_media":0,"parent":0,"menu_order":0,"comment_status":"closed","ping_status":"closed","template":"","meta":{"_et_pb_use_builder":"on","_et_pb_old_content":"","_et_gb_content_width":"","footnotes":""},"class_list":["post-4073","page","type-page","status-publish","hentry"],"_links":{"self":[{"href":"https:\/\/www.hotel-awo.pl\/de\/wp-json\/wp\/v2\/pages\/4073","targetHints":{"allow":["GET"]}}],"collection":[{"href":"https:\/\/www.hotel-awo.pl\/de\/wp-json\/wp\/v2\/pages"}],"about":[{"href":"https:\/\/www.hotel-awo.pl\/de\/wp-json\/wp\/v2\/types\/page"}],"author":[{"embeddable":true,"href":"https:\/\/www.hotel-awo.pl\/de\/wp-json\/wp\/v2\/users\/1"}],"replies":[{"embeddable":true,"href":"https:\/\/www.hotel-awo.pl\/de\/wp-json\/wp\/v2\/comments?post=4073"}],"version-history":[{"count":4,"href":"https:\/\/www.hotel-awo.pl\/de\/wp-json\/wp\/v2\/pages\/4073\/revisions"}],"predecessor-version":[{"id":4081,"href":"https:\/\/www.hotel-awo.pl\/de\/wp-json\/wp\/v2\/pages\/4073\/revisions\/4081"}],"wp:attachment":[{"href":"https:\/\/www.hotel-awo.pl\/de\/wp-json\/wp\/v2\/media?parent=4073"}],"curies":[{"name":"wp","href":"https:\/\/api.w.org\/{rel}","templated":true}]}}