{"id":3267,"date":"2022-08-20T11:03:00","date_gmt":"2022-08-20T09:03:00","guid":{"rendered":"https:\/\/www.hotel-awo.pl\/zimmer\/boutique-premium-einzelzimmer\/"},"modified":"2024-06-28T19:07:14","modified_gmt":"2024-06-28T17:07:14","slug":"boutique-premium-einzelzimmer","status":"publish","type":"page","link":"https:\/\/www.hotel-awo.pl\/de\/zimmer\/boutique-premium-einzelzimmer\/","title":{"rendered":"Boutique Premium Einzelzimmer"},"content":{"rendered":"<p>[et_pb_section fb_built=&#8220;1&#8243; next_background_color=&#8220;#ffffff&#8220; _builder_version=&#8220;4.17.4&#8243; background_image=&#8220;https:\/\/www.hotel-awo.pl\/wp-content\/uploads\/2022\/06\/hotel-awo-boutique-premium-1os-27-scaled.jpg&#8220; custom_padding=&#8220;225px|0px|0px|0px&#8220; bottom_divider_style=&#8220;wave2&#8243; global_colors_info=&#8220;{}&#8220;][et_pb_row _builder_version=&#8220;4.16&#8243; custom_padding=&#8220;||90px|&#8220; global_colors_info=&#8220;{}&#8220;][et_pb_column type=&#8220;4_4&#8243; _builder_version=&#8220;4.16&#8243; custom_padding=&#8220;|||&#8220; global_colors_info=&#8220;{}&#8220; custom_padding__hover=&#8220;|||&#8220;][et_pb_text _builder_version=&#8220;4.17.4&#8243; text_font=&#8220;||||||||&#8220; header_font=&#8220;|700|||||||&#8220; header_text_align=&#8220;left&#8220; header_text_color=&#8220;#fcf8f0&#8243; header_font_size=&#8220;55px&#8220; custom_margin=&#8220;-150px||||false|false&#8220; custom_margin_tablet=&#8220;-150px||||false|false&#8220; custom_margin_phone=&#8220;-250px||||false|false&#8220; custom_margin_last_edited=&#8220;on|phone&#8220; custom_padding=&#8220;|||&#8220; header_text_shadow_style=&#8220;preset1&#8243; global_colors_info=&#8220;{}&#8220;]<\/p>\n<h1 style=\"text-align: center;\">Boutique Premium Einzelzimmer<\/h1>\n<p>[\/et_pb_text][\/et_pb_column][\/et_pb_row][\/et_pb_section][et_pb_section fb_built=&#8220;1&#8243; _builder_version=&#8220;4.17.4&#8243; _module_preset=&#8220;default&#8220; custom_padding=&#8220;0px|||||&#8220; global_colors_info=&#8220;{}&#8220;][et_pb_row column_structure=&#8220;3_5,2_5&#8243; use_custom_gutter=&#8220;on&#8220; gutter_width=&#8220;2&#8243; _builder_version=&#8220;4.17.4&#8243; _module_preset=&#8220;default&#8220; width=&#8220;90%&#8220; module_alignment=&#8220;center&#8220; custom_padding=&#8220;0px|||||&#8220; global_colors_info=&#8220;{}&#8220;][et_pb_column type=&#8220;3_5&#8243; _builder_version=&#8220;4.17.4&#8243; _module_preset=&#8220;default&#8220; global_colors_info=&#8220;{}&#8220;][et_pb_code _builder_version=&#8220;4.21.0&#8243; _module_preset=&#8220;default&#8220; text_orientation=&#8220;left&#8220; custom_margin=&#8220;||0px|||&#8220; global_colors_info=&#8220;{}&#8220;]<\/p>\n<div class=\"wyp-item wyp-item--rooms-details\"><span class=\"wyp-item__icon icon-person\"><\/span> <span class=\"wyp-time-txt\">1 Person \u00a0<\/span> <span class=\"pokoje-awo-special-klima\"><\/span><span class=\"wyp-time-txt\">\u00a0 Klimatisierung<\/span><\/div>\n<p>[\/et_pb_code][et_pb_divider color=&#8220;#CCBCA1&#8243; _builder_version=&#8220;4.17.4&#8243; _module_preset=&#8220;default&#8220; custom_margin=&#8220;||0px|||&#8220; global_colors_info=&#8220;{}&#8220;][\/et_pb_divider][et_pb_text _builder_version=&#8220;4.18.0&#8243; _module_preset=&#8220;default&#8220; text_font=&#8220;|300|||||||&#8220; text_font_size=&#8220;17px&#8220; text_line_height=&#8220;1.8em&#8220; global_colors_info=&#8220;{}&#8220;]<\/p>\n<p>Das Boutique Premium Zimmer ist eine Kombination aus Design und Komfort. Wir haben f\u00fcr subtile, aber einzigartige Interieurs mit franz\u00f6sischem Flair gesorgt, die Ihren Aufenthalt zu etwas Besonderem machen!<\/p>\n<p>Dieses gem\u00fctliche Zimmer ist mit einem Doppelbett 140\u00d7200 und einem Freizeitbereich mit Sessel ausgestattet. Wir haben f\u00fcr unsere G\u00e4ste hochwertige Betten der Marke Hilding ausgesucht, weil wir selbst wissen, wie gut sie zum Schlafen sind!<\/p>\n<p>Jedes Zimmer dieses Typs verf\u00fcgt \u00fcber ein modernes Badezimmer mit einer gro\u00dfen Duschkabine, mit Handt\u00fcchern und einem Haartrockner.<\/p>\n<p>Das Boutique Premium Zimmer verf\u00fcgt au\u00dferdem \u00fcber Tee- und Kaffeezubereitungsm\u00f6glichkeiten, einen K\u00fchlschrank und einen Schreibtisch. Neben jedem Bett befinden sich eine eigene Lampe und Steckdosen mit USB-C-Port. Das Zimmer mit Bad hat eine Fl\u00e4che von 12-15 m2.<\/p>\n<p>Das Design des Premium-Raums schafft ein ideales Umfeld f\u00fcr Arbeit und Entspannung.<\/p>\n<p>[\/et_pb_text][et_pb_text _builder_version=&#8220;4.18.0&#8243; _module_preset=&#8220;default&#8220; header_font=&#8220;icomoon||||||||&#8220; header_2_font=&#8220;|600|||||||&#8220; custom_margin=&#8220;30px||||false|false&#8220; custom_padding=&#8220;||0px|||&#8220; global_colors_info=&#8220;{}&#8220;]<\/p>\n<h2>ZIMMERMERKMALE UND GRUNDAUSSTATTUNG<\/h2>\n<p>[\/et_pb_text][et_pb_code _builder_version=&#8220;4.25.2&#8243; _module_preset=&#8220;default&#8220; custom_padding=&#8220;0px|||||&#8220; hover_enabled=&#8220;0&#8243; global_colors_info=&#8220;{}&#8220; sticky_enabled=&#8220;0&#8243;]<\/p>\n<div class=\"wyp-hld\"><!-- [et_pb_line_break_holder] --><!-- [et_pb_line_break_holder] -->  <\/p>\n<div class=\"wyp-item wyp-item--rooms-details\"> <span class=\"wyp-item__icon icon-check\"><\/span> <span class=\"wyp-item__title\">Klimatisierung<\/span> <\/div>\n<p> <!-- [et_pb_line_break_holder] --><\/p>\n<div class=\"wyp-item wyp-item--rooms-details\"> <span class=\"wyp-item__icon icon-check\"><\/span> <span class=\"wyp-item__title\">12-15m2<\/span> <\/div>\n<p> <!-- [et_pb_line_break_holder] --><\/p>\n<div class=\"wyp-item wyp-item--rooms-details\"> <span class=\"wyp-item__icon icon-check\"><\/span> <span class=\"wyp-item__title\">Hilding &#8211; Doppelbett 140&#215;200<\/span> <\/div>\n<p> <!-- [et_pb_line_break_holder] --><!-- [et_pb_line_break_holder] --><\/p>\n<div class=\"wyp-item wyp-item--rooms-details\"> <span class=\"wyp-item__icon icon-check\"><\/span> <span class=\"wyp-item__title\">Schreibtisch<\/span> <\/div>\n<p> <!-- [et_pb_line_break_holder] --><\/p>\n<div class=\"wyp-item wyp-item--rooms-details\"> <span class=\"wyp-item__icon icon-check\"><\/span> <span class=\"wyp-item__title\">Telefon<\/span> <\/div>\n<p> <!-- [et_pb_line_break_holder] --><\/p>\n<div class=\"wyp-item wyp-item--rooms-details\"> <span class=\"wyp-item__icon icon-check\"><\/span> <span class=\"wyp-item__title\">K\u00fchlschrank  <\/span> <\/div>\n<p> <!-- [et_pb_line_break_holder] --><\/p>\n<div class=\"wyp-item wyp-item--rooms-details\"> <span class=\"wyp-item__icon icon-check\"><\/span> <span class=\"wyp-item__title\">Kaffee- und Teekochset<\/span> <\/div>\n<p> <!-- [et_pb_line_break_holder] --><\/p>\n<div class=\"wyp-item wyp-item--rooms-details\"> <span class=\"wyp-item__icon icon-check\"><\/span> <span class=\"wyp-item__title\">TV 43&#8220;<\/span> <\/div>\n<p> <!-- [et_pb_line_break_holder] --><\/p>\n<div class=\"wyp-item wyp-item--rooms-details\"> <span class=\"wyp-item__icon icon-check\"><\/span> <span class=\"wyp-item__title\">Beleuchtung und Steckdosen am Bett<\/span> <\/div>\n<p> <!-- [et_pb_line_break_holder] --><\/p>\n<div class=\"wyp-item wyp-item--rooms-details\"> <span class=\"wyp-item__icon icon-check\"><\/span> <span class=\"wyp-item__title\">USB-C-Buchsen<\/span> <\/div>\n<p> <!-- [et_pb_line_break_holder] --><\/p>\n<div class=\"wyp-item wyp-item--rooms-details\"> <span class=\"wyp-item__icon icon-check\"><\/span> <span class=\"wyp-item__title\">Schrank<\/span> <\/div>\n<p> <!-- [et_pb_line_break_holder] --><\/p>\n<div class=\"wyp-item wyp-item--rooms-details\"> <span class=\"wyp-item__icon icon-check\"><\/span> <span class=\"wyp-item__title\">Ger\u00e4umiges Badezimmer mit gro\u00dfer Dusche<\/span> <\/div>\n<p> <!-- [et_pb_line_break_holder] --><\/p>\n<div class=\"wyp-item wyp-item--rooms-details\"> <span class=\"wyp-item__icon icon-check\"><\/span> <span class=\"wyp-item__title\">Haartrockner <\/span> <\/div>\n<p> <!-- [et_pb_line_break_holder] --><\/p>\n<div class=\"wyp-item wyp-item--rooms-details\"> <span class=\"wyp-item__icon icon-check\"><\/span> <span class=\"wyp-item__title\">Handt\u00fccher<\/span> <\/div>\n<p> <!-- [et_pb_line_break_holder] --><\/p>\n<div class=\"wyp-item wyp-item--rooms-details\"> <span class=\"wyp-item__icon icon-check\"><\/span> <span class=\"wyp-item__title\">Hausschuhe<\/span> <\/div>\n<p> <!-- [et_pb_line_break_holder] --><\/p>\n<div class=\"wyp-item wyp-item--rooms-details\"> <span class=\"wyp-item__icon icon-check\"><\/span> <span class=\"wyp-item__title\">Seife und Duschgel<\/span> <\/div>\n<p> <!-- [et_pb_line_break_holder] --><\/p>\n<div class=\"wyp-item wyp-item--rooms-details\"> <span class=\"wyp-item__icon icon-check\"><\/span> <span class=\"wyp-item__title\">Zwei Flaschen Mineralwasser pro Person<\/span> <\/div>\n<p> <!-- [et_pb_line_break_holder] --><!-- [et_pb_line_break_holder] -->  <!-- [et_pb_line_break_holder] --><\/div>\n<p>[\/et_pb_code][\/et_pb_column][et_pb_column type=&#8220;2_5&#8243; _builder_version=&#8220;4.17.4&#8243; _module_preset=&#8220;default&#8220; global_colors_info=&#8220;{}&#8220;][et_pb_text _builder_version=&#8220;4.21.0&#8243; _module_preset=&#8220;default&#8220; background_color=&#8220;#FCF8F0&#8243; module_alignment=&#8220;center&#8220; custom_margin=&#8220;-80px||||false|false&#8220; custom_margin_tablet=&#8220;0px||||false|false&#8220; custom_margin_phone=&#8220;0px||||false|false&#8220; custom_margin_last_edited=&#8220;on|phone&#8220; custom_padding=&#8220;40px|10px|40px|10px|true|true&#8220; border_width_all=&#8220;1px&#8220; border_color_all=&#8220;#CCBCA1&#8243; global_colors_info=&#8220;{}&#8220;]<\/p>\n<h3 class=\"pokoje-awo-book-header\">JETZT BUCHEN<\/h3>\n<div class=\"pokoje-awo-price-book\"><span class=\"from\">AB<\/span> <span class=\"CurrencyValue-book\">309<\/span><span class=\"CurrencySuffix\">PLN<\/span> <span class=\"rate\">\/NACHT<br \/>\nmit Fr\u00fchst\u00fcck<\/span><\/div>\n<div style=\"text-align: center;\">\n<div class=\"pokoje-awo-btn-book\"><a href=\"#oferta-specjalna\" onclick=\"Booking.Open({RoomID:193466}); return false\"><span class=\"pokoje-awo-book-btn-text\">SIEHE EINZELHEITEN<\/span><\/a><\/div>\n<\/div>\n<p>[\/et_pb_text][\/et_pb_column][\/et_pb_row][et_pb_row _builder_version=&#8220;4.17.4&#8243; _module_preset=&#8220;default&#8220; global_colors_info=&#8220;{}&#8220;][et_pb_column type=&#8220;4_4&#8243; _builder_version=&#8220;4.17.4&#8243; _module_preset=&#8220;default&#8220; global_colors_info=&#8220;{}&#8220;][et_pb_text _builder_version=&#8220;4.17.4&#8243; _module_preset=&#8220;default&#8220; global_colors_info=&#8220;{}&#8220;]<\/p>\n<p><span><div class=\"rl-gallery-container rl-loading\" id=\"rl-gallery-container-1\" data-gallery_id=\"2846\"> <div class=\"rl-gallery rl-basicgrid-gallery \" id=\"rl-gallery-1\" data-gallery_no=\"1\"> <div class=\"rl-gallery-item\"><a href=\"https:\/\/www.hotel-awo.pl\/wp-content\/uploads\/2024\/06\/3-1-scaled.jpg\" title=\"\" data-rl_title=\"\" class=\"rl-gallery-link\" data-rl_caption=\"\" data-rel=\"lightbox-gallery-1\"><img loading=\"lazy\" decoding=\"async\" src=\"https:\/\/www.hotel-awo.pl\/wp-content\/uploads\/2024\/06\/3-1-300x200.jpg\" width=\"300\" height=\"200\" alt=\"\" \/><\/a><\/div><div class=\"rl-gallery-item\"><a href=\"https:\/\/www.hotel-awo.pl\/wp-content\/uploads\/2024\/06\/10-1-scaled.jpg\" title=\"\" data-rl_title=\"\" class=\"rl-gallery-link\" data-rl_caption=\"\" data-rel=\"lightbox-gallery-1\"><img loading=\"lazy\" decoding=\"async\" src=\"https:\/\/www.hotel-awo.pl\/wp-content\/uploads\/2024\/06\/10-1-300x200.jpg\" width=\"300\" height=\"200\" alt=\"\" \/><\/a><\/div><div class=\"rl-gallery-item\"><a href=\"https:\/\/www.hotel-awo.pl\/wp-content\/uploads\/2024\/06\/6-1-scaled.jpg\" title=\"\" data-rl_title=\"\" class=\"rl-gallery-link\" data-rl_caption=\"\" data-rel=\"lightbox-gallery-1\"><img loading=\"lazy\" decoding=\"async\" src=\"https:\/\/www.hotel-awo.pl\/wp-content\/uploads\/2024\/06\/6-1-300x200.jpg\" width=\"300\" height=\"200\" alt=\"\" \/><\/a><\/div><div class=\"rl-gallery-item\"><a href=\"https:\/\/www.hotel-awo.pl\/wp-content\/uploads\/2024\/06\/4-1-scaled.jpg\" title=\"\" data-rl_title=\"\" class=\"rl-gallery-link\" data-rl_caption=\"\" data-rel=\"lightbox-gallery-1\"><img loading=\"lazy\" decoding=\"async\" src=\"https:\/\/www.hotel-awo.pl\/wp-content\/uploads\/2024\/06\/4-1-300x200.jpg\" width=\"300\" height=\"200\" alt=\"\" \/><\/a><\/div><div class=\"rl-gallery-item\"><a href=\"https:\/\/www.hotel-awo.pl\/wp-content\/uploads\/2024\/06\/2-1-scaled.jpg\" title=\"\" data-rl_title=\"\" class=\"rl-gallery-link\" data-rl_caption=\"\" data-rel=\"lightbox-gallery-1\"><img loading=\"lazy\" decoding=\"async\" src=\"https:\/\/www.hotel-awo.pl\/wp-content\/uploads\/2024\/06\/2-1-300x200.jpg\" width=\"300\" height=\"200\" alt=\"\" \/><\/a><\/div><div class=\"rl-gallery-item\"><a href=\"https:\/\/www.hotel-awo.pl\/wp-content\/uploads\/2024\/06\/1-1-scaled.jpg\" title=\"\" data-rl_title=\"\" class=\"rl-gallery-link\" data-rl_caption=\"\" data-rel=\"lightbox-gallery-1\"><img loading=\"lazy\" decoding=\"async\" src=\"https:\/\/www.hotel-awo.pl\/wp-content\/uploads\/2024\/06\/1-1-300x200.jpg\" width=\"300\" height=\"200\" alt=\"\" \/><\/a><\/div> <\/div> <\/div><\/span><\/p>\n<p>[\/et_pb_text][\/et_pb_column][\/et_pb_row][et_pb_row _builder_version=&#8220;4.17.4&#8243; _module_preset=&#8220;default&#8220; global_colors_info=&#8220;{}&#8220;][et_pb_column type=&#8220;4_4&#8243; _builder_version=&#8220;4.17.4&#8243; _module_preset=&#8220;default&#8220; global_colors_info=&#8220;{}&#8220;][et_pb_button button_url=&#8220;\/de\/zimmer\/&#8220; button_text=&#8220;Alle Zimmer ansehen&#8220; button_alignment=&#8220;center&#8220; _builder_version=&#8220;4.18.0&#8243; custom_button=&#8220;on&#8220; button_text_size=&#8220;30px&#8220; button_text_color=&#8220;#fcf8f0&#8243; button_bg_color=&#8220;#c5a67a&#8220; button_border_width=&#8220;1px&#8220; button_font=&#8220;|700|||||||&#8220; button_icon=&#8220;&#x39;||divi||400&#8243; button_icon_color=&#8220;#fcf8f0&#8243; button_on_hover=&#8220;off&#8220; button_text_size_tablet=&#8220;&#8220; button_text_size_phone=&#8220;25px&#8220; button_text_size_last_edited=&#8220;on|desktop&#8220; locked=&#8220;off&#8220; global_colors_info=&#8220;{}&#8220; button_text_size__hover_enabled=&#8220;off&#8220; button_one_text_size__hover_enabled=&#8220;off&#8220; button_two_text_size__hover_enabled=&#8220;off&#8220; button_text_color__hover_enabled=&#8220;off&#8220; button_one_text_color__hover_enabled=&#8220;off&#8220; button_two_text_color__hover_enabled=&#8220;off&#8220; button_border_width__hover_enabled=&#8220;off&#8220; button_one_border_width__hover_enabled=&#8220;off&#8220; button_two_border_width__hover_enabled=&#8220;off&#8220; button_border_color__hover_enabled=&#8220;off&#8220; button_one_border_color__hover_enabled=&#8220;off&#8220; button_two_border_color__hover_enabled=&#8220;off&#8220; button_border_radius__hover_enabled=&#8220;off&#8220; button_one_border_radius__hover_enabled=&#8220;off&#8220; button_two_border_radius__hover_enabled=&#8220;off&#8220; button_letter_spacing__hover_enabled=&#8220;off&#8220; button_one_letter_spacing__hover_enabled=&#8220;off&#8220; button_two_letter_spacing__hover_enabled=&#8220;off&#8220; button_bg_color__hover_enabled=&#8220;off&#8220; button_one_bg_color__hover_enabled=&#8220;off&#8220; button_two_bg_color__hover_enabled=&#8220;off&#8220;][\/et_pb_button][\/et_pb_column][\/et_pb_row][\/et_pb_section][et_pb_section fb_built=&#8220;1&#8243; _builder_version=&#8220;4.16&#8243; background_color=&#8220;#ecddc3&#8243; custom_padding=&#8220;27px|0px|34px|0px&#8220; saved_tabs=&#8220;all&#8220; global_colors_info=&#8220;{}&#8220;][et_pb_row column_structure=&#8220;1_2,1_2&#8243; _builder_version=&#8220;4.16&#8243; global_colors_info=&#8220;{}&#8220;][et_pb_column type=&#8220;1_2&#8243; _builder_version=&#8220;4.16&#8243; custom_padding=&#8220;|||&#8220; global_colors_info=&#8220;{}&#8220; custom_padding__hover=&#8220;|||&#8220;][et_pb_button button_url=&#8220;#booking&#8220; button_text=&#8220;JETZT BUCHEN&#8220; button_alignment=&#8220;center&#8220; _builder_version=&#8220;4.16&#8243; custom_button=&#8220;on&#8220; button_text_size=&#8220;30px&#8220; button_text_color=&#8220;#fcf8f0&#8243; button_bg_color=&#8220;#c5a67a&#8220; button_border_width=&#8220;1px&#8220; button_font=&#8220;|700|||||||&#8220; button_icon=&#8220;&#x39;||divi||400&#8243; button_icon_color=&#8220;#fcf8f0&#8243; button_on_hover=&#8220;off&#8220; button_text_size_tablet=&#8220;&#8220; button_text_size_phone=&#8220;25px&#8220; button_text_size_last_edited=&#8220;on|desktop&#8220; global_colors_info=&#8220;{}&#8220; button_text_size__hover_enabled=&#8220;off&#8220; button_one_text_size__hover_enabled=&#8220;off&#8220; button_two_text_size__hover_enabled=&#8220;off&#8220; button_text_color__hover_enabled=&#8220;off&#8220; button_one_text_color__hover_enabled=&#8220;off&#8220; button_two_text_color__hover_enabled=&#8220;off&#8220; button_border_width__hover_enabled=&#8220;off&#8220; button_one_border_width__hover_enabled=&#8220;off&#8220; button_two_border_width__hover_enabled=&#8220;off&#8220; button_border_color__hover_enabled=&#8220;off&#8220; button_one_border_color__hover_enabled=&#8220;off&#8220; button_two_border_color__hover_enabled=&#8220;off&#8220; button_border_radius__hover_enabled=&#8220;off&#8220; button_one_border_radius__hover_enabled=&#8220;off&#8220; button_two_border_radius__hover_enabled=&#8220;off&#8220; button_letter_spacing__hover_enabled=&#8220;off&#8220; button_one_letter_spacing__hover_enabled=&#8220;off&#8220; button_two_letter_spacing__hover_enabled=&#8220;off&#8220; button_bg_color__hover_enabled=&#8220;off&#8220; button_one_bg_color__hover_enabled=&#8220;off&#8220; button_two_bg_color__hover_enabled=&#8220;off&#8220;][\/et_pb_button][\/et_pb_column][et_pb_column type=&#8220;1_2&#8243; _builder_version=&#8220;4.16&#8243; custom_padding=&#8220;|||&#8220; global_colors_info=&#8220;{}&#8220; custom_padding__hover=&#8220;|||&#8220;][et_pb_button button_url=&#8220;https:\/\/www.hotel-awo.pl\/de\/kontakt\/&#8220; button_text=&#8220;IRGENDWELCHE FRAGEN?&#8220; button_alignment=&#8220;center&#8220; _builder_version=&#8220;4.16&#8243; custom_button=&#8220;on&#8220; button_text_size=&#8220;30px&#8220; button_text_color=&#8220;#fcf8f0&#8243; button_bg_color=&#8220;#c5a67a&#8220; button_border_width=&#8220;1px&#8220; button_font=&#8220;|700|||||||&#8220; button_icon=&#8220;&#x39;||divi||400&#8243; button_icon_color=&#8220;#fcf8f0&#8243; button_on_hover=&#8220;off&#8220; button_text_size_tablet=&#8220;&#8220; button_text_size_phone=&#8220;25px&#8220; button_text_size_last_edited=&#8220;on|phone&#8220; global_colors_info=&#8220;{}&#8220; button_text_size__hover_enabled=&#8220;off&#8220; button_one_text_size__hover_enabled=&#8220;off&#8220; button_two_text_size__hover_enabled=&#8220;off&#8220; button_text_color__hover_enabled=&#8220;off&#8220; button_one_text_color__hover_enabled=&#8220;off&#8220; button_two_text_color__hover_enabled=&#8220;off&#8220; button_border_width__hover_enabled=&#8220;off&#8220; button_one_border_width__hover_enabled=&#8220;off&#8220; button_two_border_width__hover_enabled=&#8220;off&#8220; button_border_color__hover_enabled=&#8220;off&#8220; button_one_border_color__hover_enabled=&#8220;off&#8220; button_two_border_color__hover_enabled=&#8220;off&#8220; button_border_radius__hover_enabled=&#8220;off&#8220; button_one_border_radius__hover_enabled=&#8220;off&#8220; button_two_border_radius__hover_enabled=&#8220;off&#8220; button_letter_spacing__hover_enabled=&#8220;off&#8220; button_one_letter_spacing__hover_enabled=&#8220;off&#8220; button_two_letter_spacing__hover_enabled=&#8220;off&#8220; button_bg_color__hover_enabled=&#8220;off&#8220; button_one_bg_color__hover_enabled=&#8220;off&#8220; button_two_bg_color__hover_enabled=&#8220;off&#8220;][\/et_pb_button][\/et_pb_column][\/et_pb_row][et_pb_row _builder_version=&#8220;4.16&#8243; _module_preset=&#8220;default&#8220; global_colors_info=&#8220;{}&#8220;][et_pb_column type=&#8220;4_4&#8243; _builder_version=&#8220;4.16&#8243; _module_preset=&#8220;default&#8220; global_colors_info=&#8220;{}&#8220;][et_pb_image src=&#8220;https:\/\/www.hotel-awo.pl\/wp-content\/uploads\/2021\/02\/polski-fundusz-rozwoju-logo.png&#8220; title_text=&#8220;polski-fundusz-rozwoju-logo&#8220; align=&#8220;center&#8220; _builder_version=&#8220;4.16&#8243; _module_preset=&#8220;default&#8220; global_colors_info=&#8220;{}&#8220;][\/et_pb_image][\/et_pb_column][\/et_pb_row][\/et_pb_section]<\/p>\n","protected":false},"excerpt":{"rendered":"<p>Boutique Premium EinzelzimmerDas Boutique Premium Zimmer ist eine Kombination aus Design und Komfort. Wir haben f\u00fcr subtile, aber einzigartige Interieurs mit franz\u00f6sischem Flair gesorgt, die Ihren Aufenthalt zu etwas Besonderem machen! Dieses gem\u00fctliche Zimmer ist mit einem Doppelbett 140\u00d7200 und einem Freizeitbereich mit Sessel ausgestattet. Wir haben f\u00fcr unsere G\u00e4ste hochwertige Betten der Marke Hilding [&hellip;]<\/p>\n","protected":false},"author":1,"featured_media":0,"parent":3258,"menu_order":0,"comment_status":"closed","ping_status":"closed","template":"","meta":{"_et_pb_use_builder":"on","_et_pb_old_content":"","_et_gb_content_width":"","footnotes":""},"class_list":["post-3267","page","type-page","status-publish","hentry"],"_links":{"self":[{"href":"https:\/\/www.hotel-awo.pl\/de\/wp-json\/wp\/v2\/pages\/3267","targetHints":{"allow":["GET"]}}],"collection":[{"href":"https:\/\/www.hotel-awo.pl\/de\/wp-json\/wp\/v2\/pages"}],"about":[{"href":"https:\/\/www.hotel-awo.pl\/de\/wp-json\/wp\/v2\/types\/page"}],"author":[{"embeddable":true,"href":"https:\/\/www.hotel-awo.pl\/de\/wp-json\/wp\/v2\/users\/1"}],"replies":[{"embeddable":true,"href":"https:\/\/www.hotel-awo.pl\/de\/wp-json\/wp\/v2\/comments?post=3267"}],"version-history":[{"count":8,"href":"https:\/\/www.hotel-awo.pl\/de\/wp-json\/wp\/v2\/pages\/3267\/revisions"}],"predecessor-version":[{"id":4016,"href":"https:\/\/www.hotel-awo.pl\/de\/wp-json\/wp\/v2\/pages\/3267\/revisions\/4016"}],"up":[{"embeddable":true,"href":"https:\/\/www.hotel-awo.pl\/de\/wp-json\/wp\/v2\/pages\/3258"}],"wp:attachment":[{"href":"https:\/\/www.hotel-awo.pl\/de\/wp-json\/wp\/v2\/media?parent=3267"}],"curies":[{"name":"wp","href":"https:\/\/api.w.org\/{rel}","templated":true}]}}